{"id":15,"date":"2024-11-30T02:58:11","date_gmt":"2024-11-30T02:58:11","guid":{"rendered":"https:\/\/aki.hrf.mybluehost.me\/about\/"},"modified":"2025-03-03T02:42:11","modified_gmt":"2025-03-03T02:42:11","slug":"about","status":"publish","type":"page","link":"https:\/\/ultscuba.com\/es\/about\/","title":{"rendered":"Acerca"},"content":{"rendered":"<div id=\"hero\" class=\"nfd-container nfd-p-lg nfd-pb-lg nfd-theme-white nfd-bg-surface is-style-nfd-theme-white wp-block-group is-layout-constrained wp-block-group-is-layout-constrained\">\n<div class=\"nfd-gap-3xl wp-block-columns are-vertically-aligned-center is-layout-flex wp-container-core-columns-is-layout-28f84493 wp-block-columns-is-layout-flex\">\n<div class=\"md:nfd-order-2 wp-block-column is-vertically-aligned-center is-layout-flow wp-container-core-column-is-layout-fc5e3b10 wp-block-column-is-layout-flow\" style=\"flex-basis:44%\">\n<div class=\"nfd-gap-lg nfd-text-md wp-block-group is-vertical is-layout-flex wp-container-core-group-is-layout-fe9cc265 wp-block-group-is-layout-flex\">\n<h1 class=\"wp-block-heading nfd-text-giga nfd-text-current\">Sobre nosotros<\/h1>\n\n\n\n<p class=\"\">Ultimate Scuba ofrece instrucci\u00f3n de buceo de primer nivel en Florida Central, especializ\u00e1ndose en cursos personalizados para todos los niveles. Descubre aventuras submarinas con gu\u00eda experta y una pasi\u00f3n inigualable por el buceo.<\/p>\n\n\n\n<div class=\"wp-block-buttons is-horizontal is-content-justification-left is-layout-flex wp-container-core-buttons-is-layout-c4719c80 wp-block-buttons-is-layout-flex\">\n<div class=\"nfd-btn-lg  wp-block-button\"><a class=\"wp-block-button__link wp-element-button\" href=\"https:\/\/ultscuba.com\/es\/blog\/\">Conoce tu Instructor<\/a><\/div>\n<\/div>\n<\/div>\n<\/div>\n\n\n\n<div class=\"wp-block-column is-vertically-aligned-center is-layout-flow wp-container-core-column-is-layout-8a368f38 wp-block-column-is-layout-flow\" style=\"flex-basis:50%\">\n<div class=\"nfd-grid nfd-grid-cols-9 nfd-grid-rows-1 nfd-items-center wp-block-group is-layout-flow wp-container-core-group-is-layout-a77db08e wp-block-group-is-layout-flow\">\n<figure class=\"nfd-col-start-1 nfd-col-end-7 nfd-row-start-1 nfd-rounded wp-block-image size-large\"><img data-recalc-dims=\"1\" loading=\"lazy\" decoding=\"async\" width=\"768\" height=\"1024\" src=\"https:\/\/i0.wp.com\/ultscuba.com\/wp-content\/uploads\/2024\/12\/IMG_1472.jpeg?resize=768%2C1024&#038;ssl=1\" alt=\"\" class=\"wp-image-29\" style=\"aspect-ratio:2\/3;object-fit:cover\" srcset=\"https:\/\/i0.wp.com\/ultscuba.com\/wp-content\/uploads\/2024\/12\/IMG_1472-scaled.jpeg?resize=768%2C1024&amp;ssl=1 768w, https:\/\/i0.wp.com\/ultscuba.com\/wp-content\/uploads\/2024\/12\/IMG_1472-scaled.jpeg?resize=225%2C300&amp;ssl=1 225w, https:\/\/i0.wp.com\/ultscuba.com\/wp-content\/uploads\/2024\/12\/IMG_1472-scaled.jpeg?resize=1152%2C1536&amp;ssl=1 1152w, https:\/\/i0.wp.com\/ultscuba.com\/wp-content\/uploads\/2024\/12\/IMG_1472-scaled.jpeg?resize=1536%2C2048&amp;ssl=1 1536w, https:\/\/i0.wp.com\/ultscuba.com\/wp-content\/uploads\/2024\/12\/IMG_1472-scaled.jpeg?resize=600%2C800&amp;ssl=1 600w, https:\/\/i0.wp.com\/ultscuba.com\/wp-content\/uploads\/2024\/12\/IMG_1472-scaled.jpeg?w=1920&amp;ssl=1 1920w\" sizes=\"auto, (max-width: 768px) 100vw, 768px\" \/><\/figure>\n\n\n\n<figure class=\"nfd-col-start-5 nfd-col-end-13 nfd-row-start-1 nfd-border-bg nfd-rounded wp-block-image size-large has-custom-border\"><img data-recalc-dims=\"1\" loading=\"lazy\" decoding=\"async\" width=\"768\" height=\"1024\" src=\"https:\/\/i0.wp.com\/ultscuba.com\/wp-content\/uploads\/2024\/12\/IMG_1464.jpeg?resize=768%2C1024&#038;ssl=1\" alt=\"\" class=\"wp-image-36\" style=\"border-left-width:3px;aspect-ratio:2\/3;object-fit:cover\" srcset=\"https:\/\/i0.wp.com\/ultscuba.com\/wp-content\/uploads\/2024\/12\/IMG_1464-scaled.jpeg?resize=768%2C1024&amp;ssl=1 768w, https:\/\/i0.wp.com\/ultscuba.com\/wp-content\/uploads\/2024\/12\/IMG_1464-scaled.jpeg?resize=225%2C300&amp;ssl=1 225w, https:\/\/i0.wp.com\/ultscuba.com\/wp-content\/uploads\/2024\/12\/IMG_1464-scaled.jpeg?resize=1152%2C1536&amp;ssl=1 1152w, https:\/\/i0.wp.com\/ultscuba.com\/wp-content\/uploads\/2024\/12\/IMG_1464-scaled.jpeg?resize=1536%2C2048&amp;ssl=1 1536w, https:\/\/i0.wp.com\/ultscuba.com\/wp-content\/uploads\/2024\/12\/IMG_1464-scaled.jpeg?resize=600%2C800&amp;ssl=1 600w, https:\/\/i0.wp.com\/ultscuba.com\/wp-content\/uploads\/2024\/12\/IMG_1464-scaled.jpeg?w=1920&amp;ssl=1 1920w\" sizes=\"auto, (max-width: 768px) 100vw, 768px\" \/><\/figure>\n<\/div>\n<\/div>\n<\/div>\n<\/div>\n\n\n\n<div id=\"clients\" class=\"nfd-container nfd-p-card-square-lg nfd-theme-light nfd-bg-surface is-style-nfd-theme-light wp-block-group is-layout-constrained wp-block-group-is-layout-constrained\" style=\"border-bottom-color:white;border-bottom-width:2px\">\n<div class=\"nfd-gap-3xl wp-block-columns is-layout-flex wp-container-core-columns-is-layout-28f84493 wp-block-columns-is-layout-flex\">\n<div class=\"wp-block-column is-vertically-aligned-center is-layout-flow wp-block-column-is-layout-flow\" style=\"flex-basis:25%\">\n<figure class=\"wp-block-image aligncenter size-large\"><img data-recalc-dims=\"1\" loading=\"lazy\" decoding=\"async\" width=\"1024\" height=\"243\" src=\"https:\/\/i0.wp.com\/ultscuba.com\/wp-content\/uploads\/2024\/12\/SSI-PRO-Professional-1200x285-1.webp?resize=1024%2C243&#038;ssl=1\" alt=\"\" class=\"wp-image-61\" srcset=\"https:\/\/i0.wp.com\/ultscuba.com\/wp-content\/uploads\/2024\/12\/SSI-PRO-Professional-1200x285-1.webp?resize=1024%2C243&amp;ssl=1 1024w, https:\/\/i0.wp.com\/ultscuba.com\/wp-content\/uploads\/2024\/12\/SSI-PRO-Professional-1200x285-1.webp?resize=300%2C71&amp;ssl=1 300w, https:\/\/i0.wp.com\/ultscuba.com\/wp-content\/uploads\/2024\/12\/SSI-PRO-Professional-1200x285-1.webp?resize=768%2C182&amp;ssl=1 768w, https:\/\/i0.wp.com\/ultscuba.com\/wp-content\/uploads\/2024\/12\/SSI-PRO-Professional-1200x285-1.webp?resize=600%2C143&amp;ssl=1 600w, https:\/\/i0.wp.com\/ultscuba.com\/wp-content\/uploads\/2024\/12\/SSI-PRO-Professional-1200x285-1.webp?w=1200&amp;ssl=1 1200w\" sizes=\"auto, (max-width: 1000px) 100vw, 1000px\" \/><\/figure>\n<\/div>\n\n\n\n<div class=\"wp-block-column is-vertically-aligned-center is-layout-flow wp-block-column-is-layout-flow\" style=\"flex-basis:25%\">\n<figure class=\"wp-block-image aligncenter size-full is-resized\"><img data-recalc-dims=\"1\" loading=\"lazy\" decoding=\"async\" width=\"550\" height=\"149\" src=\"https:\/\/i0.wp.com\/ultscuba.com\/wp-content\/uploads\/2024\/12\/ssi-txr-thailand-technical-diving-69b53032.png?resize=550%2C149&#038;ssl=1\" alt=\"\" class=\"wp-image-43\" style=\"width:244px;height:auto\" srcset=\"https:\/\/i0.wp.com\/ultscuba.com\/wp-content\/uploads\/2024\/12\/ssi-txr-thailand-technical-diving-69b53032.png?w=550&amp;ssl=1 550w, https:\/\/i0.wp.com\/ultscuba.com\/wp-content\/uploads\/2024\/12\/ssi-txr-thailand-technical-diving-69b53032.png?resize=300%2C81&amp;ssl=1 300w\" sizes=\"auto, (max-width: 550px) 100vw, 550px\" \/><\/figure>\n<\/div>\n\n\n\n<div class=\"wp-block-column is-vertically-aligned-center is-layout-flow wp-block-column-is-layout-flow\" style=\"flex-basis:25%\">\n<figure class=\"wp-block-image aligncenter size-full is-resized\"><img data-recalc-dims=\"1\" loading=\"lazy\" decoding=\"async\" width=\"1066\" height=\"1136\" src=\"https:\/\/i0.wp.com\/ultscuba.com\/wp-content\/uploads\/2024\/12\/RAID-Learning-Vert-B-1.png?resize=1066%2C1136&#038;ssl=1\" alt=\"\" class=\"wp-image-47\" style=\"width:132px;height:auto\" srcset=\"https:\/\/i0.wp.com\/ultscuba.com\/wp-content\/uploads\/2024\/12\/RAID-Learning-Vert-B-1.png?w=1066&amp;ssl=1 1066w, https:\/\/i0.wp.com\/ultscuba.com\/wp-content\/uploads\/2024\/12\/RAID-Learning-Vert-B-1.png?resize=282%2C300&amp;ssl=1 282w, https:\/\/i0.wp.com\/ultscuba.com\/wp-content\/uploads\/2024\/12\/RAID-Learning-Vert-B-1.png?resize=961%2C1024&amp;ssl=1 961w, https:\/\/i0.wp.com\/ultscuba.com\/wp-content\/uploads\/2024\/12\/RAID-Learning-Vert-B-1.png?resize=768%2C818&amp;ssl=1 768w, https:\/\/i0.wp.com\/ultscuba.com\/wp-content\/uploads\/2024\/12\/RAID-Learning-Vert-B-1.png?resize=600%2C639&amp;ssl=1 600w\" sizes=\"auto, (max-width: 1000px) 100vw, 1000px\" \/><\/figure>\n<\/div>\n\n\n\n<div class=\"wp-block-column is-vertically-aligned-center is-layout-flow wp-block-column-is-layout-flow\" style=\"flex-basis:25%\">\n<figure class=\"wp-block-image aligncenter size-full\"><img data-recalc-dims=\"1\" loading=\"lazy\" decoding=\"async\" width=\"400\" height=\"400\" src=\"https:\/\/i0.wp.com\/ultscuba.com\/wp-content\/uploads\/2024\/12\/DAN-US_logo_400px.webp?resize=400%2C400&#038;ssl=1\" alt=\"\" class=\"wp-image-48\" srcset=\"https:\/\/i0.wp.com\/ultscuba.com\/wp-content\/uploads\/2024\/12\/DAN-US_logo_400px.webp?w=400&amp;ssl=1 400w, https:\/\/i0.wp.com\/ultscuba.com\/wp-content\/uploads\/2024\/12\/DAN-US_logo_400px.webp?resize=300%2C300&amp;ssl=1 300w, https:\/\/i0.wp.com\/ultscuba.com\/wp-content\/uploads\/2024\/12\/DAN-US_logo_400px.webp?resize=150%2C150&amp;ssl=1 150w\" sizes=\"auto, (max-width: 400px) 100vw, 400px\" \/><\/figure>\n<\/div>\n<\/div>\n<\/div>\n\n\n\n<div id=\"milestones\" class=\"nfd-container nfd-p-lg nfd-my-0 nfd-theme-white nfd-bg-surface is-style-nfd-theme-white wp-block-group is-layout-constrained wp-block-group-is-layout-constrained\">\n<div class=\"nfd-gap-3xl wp-block-columns is-layout-flex wp-container-core-columns-is-layout-28f84493 wp-block-columns-is-layout-flex\">\n<div class=\"wp-block-column is-layout-flow wp-block-column-is-layout-flow\">\n<div class=\"wp-block-group is-vertical is-content-justification-center is-layout-flex wp-container-core-group-is-layout-333ec4aa wp-block-group-is-layout-flex\">\n<h3 class=\"nfd-text-giga nfd-text-primary wp-block-heading has-text-align-center\">20+<\/h3>\n\n\n\n<p class=\"nfd-text-md nfd-text-balance has-text-align-center\">A\u00f1os de experiencia<\/p>\n<\/div>\n<\/div>\n\n\n\n<div class=\"wp-block-column is-layout-flow wp-block-column-is-layout-flow\">\n<div class=\"wp-block-group is-vertical is-content-justification-center is-layout-flex wp-container-core-group-is-layout-333ec4aa wp-block-group-is-layout-flex\">\n<h3 class=\"nfd-text-giga nfd-text-primary wp-block-heading has-text-align-center\">600+<\/h3>\n\n\n\n<p class=\"nfd-text-md nfd-text-balance has-text-align-center\">Certificaciones emitidas desde 2018<\/p>\n<\/div>\n<\/div>\n\n\n\n<div class=\"wp-block-column is-layout-flow wp-block-column-is-layout-flow\">\n<div class=\"wp-block-group is-vertical is-content-justification-center is-layout-flex wp-container-core-group-is-layout-333ec4aa wp-block-group-is-layout-flex\">\n<h3 class=\"nfd-text-giga nfd-text-primary wp-block-heading has-text-align-center\">25+<\/h3>\n\n\n\n<p class=\"nfd-text-md nfd-text-balance has-text-align-center\">Cursos de especialidad disponobles <\/p>\n<\/div>\n<\/div>\n\n\n\n<div class=\"wp-block-column is-layout-flow wp-block-column-is-layout-flow\">\n<div class=\"wp-block-group is-vertical is-content-justification-center is-layout-flex wp-container-core-group-is-layout-333ec4aa wp-block-group-is-layout-flex\">\n<h3 class=\"nfd-text-giga nfd-text-primary wp-block-heading has-text-align-center\">100%<\/h3>\n\n\n\n<div class=\"wp-block-group is-layout-constrained wp-block-group-is-layout-constrained\">\n<p class=\"nfd-text-md nfd-text-balance has-text-align-center\">Comprometido con la conservaci\u00f3n natural<\/p>\n<\/div>\n<\/div>\n<\/div>\n<\/div>\n<\/div>","protected":false},"excerpt":{"rendered":"<p>About us. Ultimate Scuba provides world-class scuba diving instruction in Central Florida, specializing in personalized courses for all skill levels. Discover underwater adventures with expert guidance and unparalleled passion for diving. 20+ Years of experience 600+ Certifications issued since 2018 25+ Specialty courses available 100% Committed to the nature conservation<\/p>","protected":false},"author":1,"featured_media":0,"parent":0,"menu_order":0,"comment_status":"closed","ping_status":"closed","template":"","meta":{"nf_dc_page":"","om_disable_all_campaigns":false,"_monsterinsights_skip_tracking":false,"_monsterinsights_sitenote_active":false,"_monsterinsights_sitenote_note":"","_monsterinsights_sitenote_category":0,"footnotes":""},"class_list":["post-15","page","type-page","status-publish","hentry"],"yoast_head":"<!-- This site is optimized with the Yoast SEO plugin v27.5 - https:\/\/yoast.com\/product\/yoast-seo-wordpress\/ -->\n<title>About - Ultimate Scuba<\/title>\n<meta name=\"robots\" content=\"index, follow, max-snippet:-1, max-image-preview:large, max-video-preview:-1\" \/>\n<link rel=\"canonical\" href=\"https:\/\/ultscuba.com\/es\/about\/\" \/>\n<meta property=\"og:locale\" content=\"es_ES\" \/>\n<meta property=\"og:type\" content=\"article\" \/>\n<meta property=\"og:title\" content=\"About - Ultimate Scuba\" \/>\n<meta property=\"og:description\" content=\"About us. Ultimate Scuba provides world-class scuba diving instruction in Central Florida, specializing in personalized courses for all skill levels. Discover underwater adventures with expert guidance and unparalleled passion for diving. 20+ Years of experience 600+ Certifications issued since 2018 25+ Specialty courses available 100% Committed to the nature conservation\" \/>\n<meta property=\"og:url\" content=\"https:\/\/ultscuba.com\/es\/about\/\" \/>\n<meta property=\"og:site_name\" content=\"Ultimate Scuba\" \/>\n<meta property=\"article:publisher\" content=\"https:\/\/www.facebook.com\/UltScuba\" \/>\n<meta property=\"article:modified_time\" content=\"2025-03-03T02:42:11+00:00\" \/>\n<meta property=\"og:image\" content=\"https:\/\/ultscuba.com\/wp-content\/uploads\/2024\/12\/IMG_1472-768x1024.jpeg\" \/>\n<meta name=\"twitter:card\" content=\"summary_large_image\" \/>\n<meta name=\"twitter:label1\" content=\"Tiempo estimado de lectura\" \/>\n\t<meta name=\"twitter:data1\" content=\"2 minutos\" \/>\n<script type=\"application\/ld+json\" class=\"yoast-schema-graph\">{\"@context\":\"https:\\\/\\\/schema.org\",\"@graph\":[{\"@type\":\"WebPage\",\"@id\":\"https:\\\/\\\/ultscuba.com\\\/about\\\/\",\"url\":\"https:\\\/\\\/ultscuba.com\\\/about\\\/\",\"name\":\"About - Ultimate Scuba\",\"isPartOf\":{\"@id\":\"https:\\\/\\\/ultscuba.com\\\/#website\"},\"primaryImageOfPage\":{\"@id\":\"https:\\\/\\\/ultscuba.com\\\/about\\\/#primaryimage\"},\"image\":{\"@id\":\"https:\\\/\\\/ultscuba.com\\\/about\\\/#primaryimage\"},\"thumbnailUrl\":\"https:\\\/\\\/ultscuba.com\\\/wp-content\\\/uploads\\\/2024\\\/12\\\/IMG_1472-768x1024.jpeg\",\"datePublished\":\"2024-11-30T02:58:11+00:00\",\"dateModified\":\"2025-03-03T02:42:11+00:00\",\"breadcrumb\":{\"@id\":\"https:\\\/\\\/ultscuba.com\\\/about\\\/#breadcrumb\"},\"inLanguage\":\"es\",\"potentialAction\":[{\"@type\":\"ReadAction\",\"target\":[\"https:\\\/\\\/ultscuba.com\\\/about\\\/\"]}]},{\"@type\":\"ImageObject\",\"inLanguage\":\"es\",\"@id\":\"https:\\\/\\\/ultscuba.com\\\/about\\\/#primaryimage\",\"url\":\"https:\\\/\\\/ultscuba.com\\\/wp-content\\\/uploads\\\/2024\\\/12\\\/IMG_1472-768x1024.jpeg\",\"contentUrl\":\"https:\\\/\\\/ultscuba.com\\\/wp-content\\\/uploads\\\/2024\\\/12\\\/IMG_1472-768x1024.jpeg\"},{\"@type\":\"BreadcrumbList\",\"@id\":\"https:\\\/\\\/ultscuba.com\\\/about\\\/#breadcrumb\",\"itemListElement\":[{\"@type\":\"ListItem\",\"position\":1,\"name\":\"Home\",\"item\":\"https:\\\/\\\/ultscuba.com\\\/\"},{\"@type\":\"ListItem\",\"position\":2,\"name\":\"About\"}]},{\"@type\":\"WebSite\",\"@id\":\"https:\\\/\\\/ultscuba.com\\\/#website\",\"url\":\"https:\\\/\\\/ultscuba.com\\\/\",\"name\":\"Ultimate Scuba\",\"description\":\"Ultimate Scuba offers a variety of diving courses for all levels, from beginners to advanced professionals.\",\"publisher\":{\"@id\":\"https:\\\/\\\/ultscuba.com\\\/#organization\"},\"potentialAction\":[{\"@type\":\"SearchAction\",\"target\":{\"@type\":\"EntryPoint\",\"urlTemplate\":\"https:\\\/\\\/ultscuba.com\\\/?s={search_term_string}\"},\"query-input\":{\"@type\":\"PropertyValueSpecification\",\"valueRequired\":true,\"valueName\":\"search_term_string\"}}],\"inLanguage\":\"es\"},{\"@type\":\"Organization\",\"@id\":\"https:\\\/\\\/ultscuba.com\\\/#organization\",\"name\":\"Ultimate Scuba\",\"url\":\"https:\\\/\\\/ultscuba.com\\\/\",\"logo\":{\"@type\":\"ImageObject\",\"inLanguage\":\"es\",\"@id\":\"https:\\\/\\\/ultscuba.com\\\/#\\\/schema\\\/logo\\\/image\\\/\",\"url\":\"https:\\\/\\\/i0.wp.com\\\/ultscuba.com\\\/wp-content\\\/uploads\\\/2024\\\/11\\\/123-e1735142027259.png?fit=600%2C225&ssl=1\",\"contentUrl\":\"https:\\\/\\\/i0.wp.com\\\/ultscuba.com\\\/wp-content\\\/uploads\\\/2024\\\/11\\\/123-e1735142027259.png?fit=600%2C225&ssl=1\",\"width\":600,\"height\":225,\"caption\":\"Ultimate Scuba\"},\"image\":{\"@id\":\"https:\\\/\\\/ultscuba.com\\\/#\\\/schema\\\/logo\\\/image\\\/\"},\"sameAs\":[\"https:\\\/\\\/www.facebook.com\\\/UltScuba\",\"https:\\\/\\\/www.tiktok.com\\\/@ultscuba\"]}]}<\/script>\n<!-- \/ Yoast SEO plugin. -->","yoast_head_json":{"title":"About - Ultimate Scuba","robots":{"index":"index","follow":"follow","max-snippet":"max-snippet:-1","max-image-preview":"max-image-preview:large","max-video-preview":"max-video-preview:-1"},"canonical":"https:\/\/ultscuba.com\/es\/about\/","og_locale":"es_ES","og_type":"article","og_title":"About - Ultimate Scuba","og_description":"About us. Ultimate Scuba provides world-class scuba diving instruction in Central Florida, specializing in personalized courses for all skill levels. Discover underwater adventures with expert guidance and unparalleled passion for diving. 20+ Years of experience 600+ Certifications issued since 2018 25+ Specialty courses available 100% Committed to the nature conservation","og_url":"https:\/\/ultscuba.com\/es\/about\/","og_site_name":"Ultimate Scuba","article_publisher":"https:\/\/www.facebook.com\/UltScuba","article_modified_time":"2025-03-03T02:42:11+00:00","og_image":[{"url":"https:\/\/ultscuba.com\/wp-content\/uploads\/2024\/12\/IMG_1472-768x1024.jpeg","type":"","width":"","height":""}],"twitter_card":"summary_large_image","twitter_misc":{"Tiempo estimado de lectura":"2 minutos"},"schema":{"@context":"https:\/\/schema.org","@graph":[{"@type":"WebPage","@id":"https:\/\/ultscuba.com\/about\/","url":"https:\/\/ultscuba.com\/about\/","name":"About - Ultimate Scuba","isPartOf":{"@id":"https:\/\/ultscuba.com\/#website"},"primaryImageOfPage":{"@id":"https:\/\/ultscuba.com\/about\/#primaryimage"},"image":{"@id":"https:\/\/ultscuba.com\/about\/#primaryimage"},"thumbnailUrl":"https:\/\/ultscuba.com\/wp-content\/uploads\/2024\/12\/IMG_1472-768x1024.jpeg","datePublished":"2024-11-30T02:58:11+00:00","dateModified":"2025-03-03T02:42:11+00:00","breadcrumb":{"@id":"https:\/\/ultscuba.com\/about\/#breadcrumb"},"inLanguage":"es","potentialAction":[{"@type":"ReadAction","target":["https:\/\/ultscuba.com\/about\/"]}]},{"@type":"ImageObject","inLanguage":"es","@id":"https:\/\/ultscuba.com\/about\/#primaryimage","url":"https:\/\/ultscuba.com\/wp-content\/uploads\/2024\/12\/IMG_1472-768x1024.jpeg","contentUrl":"https:\/\/ultscuba.com\/wp-content\/uploads\/2024\/12\/IMG_1472-768x1024.jpeg"},{"@type":"BreadcrumbList","@id":"https:\/\/ultscuba.com\/about\/#breadcrumb","itemListElement":[{"@type":"ListItem","position":1,"name":"Home","item":"https:\/\/ultscuba.com\/"},{"@type":"ListItem","position":2,"name":"About"}]},{"@type":"WebSite","@id":"https:\/\/ultscuba.com\/#website","url":"https:\/\/ultscuba.com\/","name":"Ultimate Scuba","description":"Ultimate Scuba offers a variety of diving courses for all levels, from beginners to advanced professionals.","publisher":{"@id":"https:\/\/ultscuba.com\/#organization"},"potentialAction":[{"@type":"SearchAction","target":{"@type":"EntryPoint","urlTemplate":"https:\/\/ultscuba.com\/?s={search_term_string}"},"query-input":{"@type":"PropertyValueSpecification","valueRequired":true,"valueName":"search_term_string"}}],"inLanguage":"es"},{"@type":"Organization","@id":"https:\/\/ultscuba.com\/#organization","name":"Ultimate Scuba","url":"https:\/\/ultscuba.com\/","logo":{"@type":"ImageObject","inLanguage":"es","@id":"https:\/\/ultscuba.com\/#\/schema\/logo\/image\/","url":"https:\/\/i0.wp.com\/ultscuba.com\/wp-content\/uploads\/2024\/11\/123-e1735142027259.png?fit=600%2C225&ssl=1","contentUrl":"https:\/\/i0.wp.com\/ultscuba.com\/wp-content\/uploads\/2024\/11\/123-e1735142027259.png?fit=600%2C225&ssl=1","width":600,"height":225,"caption":"Ultimate Scuba"},"image":{"@id":"https:\/\/ultscuba.com\/#\/schema\/logo\/image\/"},"sameAs":["https:\/\/www.facebook.com\/UltScuba","https:\/\/www.tiktok.com\/@ultscuba"]}]}},"jetpack_sharing_enabled":true,"_links":{"self":[{"href":"https:\/\/ultscuba.com\/es\/wp-json\/wp\/v2\/pages\/15","targetHints":{"allow":["GET"]}}],"collection":[{"href":"https:\/\/ultscuba.com\/es\/wp-json\/wp\/v2\/pages"}],"about":[{"href":"https:\/\/ultscuba.com\/es\/wp-json\/wp\/v2\/types\/page"}],"author":[{"embeddable":true,"href":"https:\/\/ultscuba.com\/es\/wp-json\/wp\/v2\/users\/1"}],"replies":[{"embeddable":true,"href":"https:\/\/ultscuba.com\/es\/wp-json\/wp\/v2\/comments?post=15"}],"version-history":[{"count":8,"href":"https:\/\/ultscuba.com\/es\/wp-json\/wp\/v2\/pages\/15\/revisions"}],"predecessor-version":[{"id":236,"href":"https:\/\/ultscuba.com\/es\/wp-json\/wp\/v2\/pages\/15\/revisions\/236"}],"wp:attachment":[{"href":"https:\/\/ultscuba.com\/es\/wp-json\/wp\/v2\/media?parent=15"}],"curies":[{"name":"wp","href":"https:\/\/api.w.org\/{rel}","templated":true}]}}